{"id":88,"date":"2022-05-25T11:02:48","date_gmt":"2022-05-25T11:02:48","guid":{"rendered":"http:\/\/localhost\/wordpress\/?page_id=88"},"modified":"2025-10-30T15:33:39","modified_gmt":"2025-10-30T14:33:39","slug":"departamento","status":"publish","type":"page","link":"https:\/\/agrupamentodealmeida.net\/prtl\/?page_id=88","title":{"rendered":"Departamentos"},"content":{"rendered":"\n<h2 class=\"wp-block-heading\"><br><\/h2>\n\n\n\n<h2 class=\"wp-block-heading\"><br>Coordenador de Departamento de Educa\u00e7\u00e3o Pr\u00e9-escolar<\/h2>\n\n\n\n<p>Carolina  Maria Rosa Fernandes<\/p>\n\n\n\n<h2 class=\"wp-block-heading\">Coordenador de departamento do 1\u00ba Ciclo do Ensino B\u00e1sico<\/h2>\n\n\n\n<p>Maria da Assun\u00e7\u00e3o Carvalho Veloso<\/p>\n\n\n\n<h2 class=\"wp-block-heading\">Coordenador de departamento de l\u00ednguas<\/h2>\n\n\n\n<p>Paula Manuela dos Santos Martins<\/p>\n\n\n\n<h2 class=\"wp-block-heading\">Coordenador de Departamento de Ci\u00eancias Sociais e Humanas<\/h2>\n\n\n\n<p>Marta Isabel da Silva Vieira da Cunha Afonso<\/p>\n\n\n\n<h2 class=\"wp-block-heading\">Coordenador de Departamento de Matem\u00e1tica e Ci\u00eancias Experimentais<\/h2>\n\n\n\n<p>Maria Manuela Morgado Pimentel Teles<\/p>\n\n\n\n<h2 class=\"wp-block-heading\">Coordenador de Departamento de Express\u00f5es<\/h2>\n\n\n\n<p>Lu\u00eds Ant\u00f3nio Dias da Silva<\/p>\n","protected":false},"excerpt":{"rendered":"<p>Coordenador de Departamento de Educa\u00e7\u00e3o Pr\u00e9-escolar Carolina Maria Rosa Fernandes Coordenador de departamento do 1\u00ba Ciclo do Ensino B\u00e1sico Maria da Assun\u00e7\u00e3o Carvalho Veloso Coordenador de departamento de l\u00ednguas Paula Manuela dos Santos Martins Coordenador de Departamento de Ci\u00eancias Sociais<\/p>\n","protected":false},"author":2,"featured_media":0,"parent":0,"menu_order":0,"comment_status":"closed","ping_status":"closed","template":"","meta":{"footnotes":""},"_links":{"self":[{"href":"https:\/\/agrupamentodealmeida.net\/prtl\/index.php?rest_route=\/wp\/v2\/pages\/88"}],"collection":[{"href":"https:\/\/agrupamentodealmeida.net\/prtl\/index.php?rest_route=\/wp\/v2\/pages"}],"about":[{"href":"https:\/\/agrupamentodealmeida.net\/prtl\/index.php?rest_route=\/wp\/v2\/types\/page"}],"author":[{"embeddable":true,"href":"https:\/\/agrupamentodealmeida.net\/prtl\/index.php?rest_route=\/wp\/v2\/users\/2"}],"replies":[{"embeddable":true,"href":"https:\/\/agrupamentodealmeida.net\/prtl\/index.php?rest_route=%2Fwp%2Fv2%2Fcomments&post=88"}],"version-history":[{"count":5,"href":"https:\/\/agrupamentodealmeida.net\/prtl\/index.php?rest_route=\/wp\/v2\/pages\/88\/revisions"}],"predecessor-version":[{"id":2044,"href":"https:\/\/agrupamentodealmeida.net\/prtl\/index.php?rest_route=\/wp\/v2\/pages\/88\/revisions\/2044"}],"wp:attachment":[{"href":"https:\/\/agrupamentodealmeida.net\/prtl\/index.php?rest_route=%2Fwp%2Fv2%2Fmedia&parent=88"}],"curies":[{"name":"wp","href":"https:\/\/api.w.org\/{rel}","templated":true}]}}