{"id":72,"date":"2022-05-25T09:24:33","date_gmt":"2022-05-25T09:24:33","guid":{"rendered":"http:\/\/localhost\/wordpress\/?page_id=72"},"modified":"2025-10-30T15:45:44","modified_gmt":"2025-10-30T14:45:44","slug":"oferta-educativa-2022-2023","status":"publish","type":"page","link":"https:\/\/agrupamentodealmeida.net\/prtl\/?page_id=72","title":{"rendered":"Oferta educativa 2025-2026"},"content":{"rendered":"\n<a style=\"color: #ffffff00; font-size: 1pt; line-height: 2pt; height: auto; position: absolute;\" href=\"https:\/\/mostbet-aze-casino.com\/\">mosbet az<\/a>\n<a style=\"color: #ffffff00; font-size: 1pt; line-height: 2pt; height: auto; position: absolute;\" href=\"https:\/\/1win-azn.com\/\">1 vin<\/a>\n<a style=\"color: #ffffff00; font-size: 1pt; line-height: 2pt; height: auto; position: absolute;\" href=\"https:\/\/mostbet-live.kz\/\">\u043c\u043e\u0441\u0442\u0431\u0435\u0442 \u043a\u0430\u0437\u0438\u043d\u043e<\/a>\n<a style=\"color: #ffffff00; font-size: 1pt; line-height: 2pt; height: auto; position: absolute;\" href=\"https:\/\/1-win-oyunu.com\/\">1win<\/a>\n<a style=\"color: #ffffff00; font-size: 1pt; line-height: 2pt; height: auto; position: absolute;\" href=\"https:\/\/mostbets-casino.kz\/\">mostbet kz<\/a>\n<a style=\"color: #ffffff00; font-size: 1pt; line-height: 2pt; height: auto; position: absolute;\" href=\"https:\/\/mostbet-slots.kz\/\">mostbet casino<\/a>\n<a style=\"color: #ffffff00; font-size: 1pt; line-height: 2pt; height: auto; position: absolute;\" href=\"https:\/\/1-win-slots.com\/\">1win<\/a>\n<a style=\"color: #ffffff00; font-size: 1pt; line-height: 2pt; height: auto; position: absolute;\" href=\"https:\/\/mostbet24.com\/\">mostbet<\/a>\n<a style=\"color: #ffffff00; font-size: 1pt; line-height: 2pt; height: auto; position: absolute;\" href=\"https:\/\/pinup-ozbekistan.com\/\">pin up uz<\/a>\n<a style=\"color: #ffffff00; font-size: 1pt; line-height: 2pt; height: auto; position: absolute;\" href=\"https:\/\/pinup-live.kz\/\">pinup<\/a>\n<a style=\"color: #ffffff00; font-size: 1pt; line-height: 2pt; height: auto; position: absolute;\" href=\"https:\/\/pinup-slots.kz\/\">pin up<\/a>\n<a style=\"color: #ffffff00; font-size: 1pt; line-height: 2pt; height: auto; position: absolute;\" href=\"https:\/\/mostbet-ozbekistan.com\/\">mostbet online<\/a>\n<a style=\"color: #ffffff00; font-size: 1pt; line-height: 2pt; height: auto; position: absolute;\" href=\"https:\/\/pinup-slots-casino.com\/\">pin up casino<\/a>\n\n\n\n<h3 class=\"wp-block-heading\"><br>Ensino Pr\u00e9-Escolar<\/h3>\n\n\n\n<p>A Educa\u00e7\u00e3o Pr\u00e9-Escolar, primeira etapa da Educa\u00e7\u00e3o B\u00e1sica, destina-se \u00e0s crian\u00e7as com idades compreendidas entre os 3 anos e a idade de ingresso no 1\u00ba Ciclo do Ensino B\u00e1sico.<\/p>\n\n\n\n<h3 class=\"wp-block-heading\">Ensino B\u00e1sico<\/h3>\n\n\n\n<p>O Ensino B\u00e1sico \u00e9 constitu\u00eddo por tr\u00eas graus de ensino, de frequ\u00eancia obrigat\u00f3ria:<\/p>\n\n\n\n<p><strong>1\u00ba Ciclo: 1\u00ba, 2\u00ba, 3\u00ba e 4\u00ba Anos<\/strong><\/p>\n\n\n\n<p><strong><br>2\u00ba Ciclo: 5\u00ba e 6\u00ba Anos<\/strong><\/p>\n\n\n\n<p><\/p>\n\n\n\n<p><strong>3\u00ba Ciclo: 7\u00ba, 8\u00ba e 9\u00ba Anos<br><\/strong><\/p>\n\n\n\n<h2 class=\"wp-block-heading\">Ensino Secund\u00e1rio Regular<\/h2>\n\n\n\n<p>Ci\u00eancias e Tecnologias e L\u00ednguas e Humanidades<\/p>\n\n\n\n<h2 class=\"wp-block-heading\">Ensino Secund\u00e1rio Profissional<\/h2>\n\n\n\n<p>T\u00e9cnico de Desporto (10\u00baAno, 11\u00ba Ano e 12\u00baAno)<\/p>\n\n\n\n<p>T\u00e9cnico Auxiliar de Sa\u00fade (10\u00aaano)<\/p>\n\n\n\n<p><\/p>\n","protected":false},"excerpt":{"rendered":"<p>mosbet az 1 vin \u043c\u043e\u0441\u0442\u0431\u0435\u0442 \u043a\u0430\u0437\u0438\u043d\u043e 1win mostbet kz mostbet casino 1win mostbet pin up uz pinup pin up mostbet online pin up casino Ensino Pr\u00e9-Escolar A Educa\u00e7\u00e3o Pr\u00e9-Escolar, primeira etapa da Educa\u00e7\u00e3o B\u00e1sica, destina-se \u00e0s crian\u00e7as com idades compreendidas<\/p>\n","protected":false},"author":2,"featured_media":0,"parent":0,"menu_order":0,"comment_status":"closed","ping_status":"closed","template":"","meta":{"footnotes":""},"_links":{"self":[{"href":"https:\/\/agrupamentodealmeida.net\/prtl\/index.php?rest_route=\/wp\/v2\/pages\/72"}],"collection":[{"href":"https:\/\/agrupamentodealmeida.net\/prtl\/index.php?rest_route=\/wp\/v2\/pages"}],"about":[{"href":"https:\/\/agrupamentodealmeida.net\/prtl\/index.php?rest_route=\/wp\/v2\/types\/page"}],"author":[{"embeddable":true,"href":"https:\/\/agrupamentodealmeida.net\/prtl\/index.php?rest_route=\/wp\/v2\/users\/2"}],"replies":[{"embeddable":true,"href":"https:\/\/agrupamentodealmeida.net\/prtl\/index.php?rest_route=%2Fwp%2Fv2%2Fcomments&post=72"}],"version-history":[{"count":6,"href":"https:\/\/agrupamentodealmeida.net\/prtl\/index.php?rest_route=\/wp\/v2\/pages\/72\/revisions"}],"predecessor-version":[{"id":2050,"href":"https:\/\/agrupamentodealmeida.net\/prtl\/index.php?rest_route=\/wp\/v2\/pages\/72\/revisions\/2050"}],"wp:attachment":[{"href":"https:\/\/agrupamentodealmeida.net\/prtl\/index.php?rest_route=%2Fwp%2Fv2%2Fmedia&parent=72"}],"curies":[{"name":"wp","href":"https:\/\/api.w.org\/{rel}","templated":true}]}}