{"id":41,"date":"2022-05-19T14:14:35","date_gmt":"2022-05-19T14:14:35","guid":{"rendered":"http:\/\/127.0.0.1\/wordpress\/?page_id=41"},"modified":"2022-05-19T14:14:35","modified_gmt":"2022-05-19T14:14:35","slug":"escola-basica-e-secundaria-dr-jose-casimiro-matias","status":"publish","type":"page","link":"https:\/\/agrupamentodealmeida.net\/prtl\/?page_id=41","title":{"rendered":"Escola B\u00e1sica e Secund\u00e1ria Dr. Jos\u00e9 Casimiro Matias"},"content":{"rendered":"\n<p>Nos distantes anos cinquenta era quase imposs\u00edvel a educa\u00e7\u00e3o e instru\u00e7\u00e3o da juventude para al\u00e9m da Escola Prim\u00e1ria: o Liceu ficava longe e os meios de comunica\u00e7\u00e3o eram ex\u00edguos.<\/p>\n\n\n\n<p>Tendo por objectivo mitigar este problema come\u00e7ou a surgir em todo o pa\u00eds um movimento a favor do ensino particular, algum favorecido pela Igreja e, a maior parte, por bairristas. Contrariando o cepticismo de muitos, um grupo de pioneiros, contando com o empenhamento dos Padres Bernardo e \u00c1lvaro Terreiro, do Dr. Jos\u00e9 Casimiro Matias, do Solicitador Jos\u00e9 Ruivo Louren\u00e7o e do falecido Padre Manuel Gomes, na fase inicial e numa parte posterior com o Professor Alberto Vilhena, possibilitaram a frequ\u00eancia, cada vez mais dilatada, da escolaridade, para al\u00e9m do ensino prim\u00e1rio em Almeida.<\/p>\n\n\n\n<p>&nbsp;Em Outubro de 1959, o t\u00e3o ansiado Col\u00e9gio come\u00e7ou a funcionar, sendo o seu patrono um dos mais ilustres filhos de Almeida, Frei Bernardo de Brito.<\/p>\n\n\n\n<p>Decorridos trinta e dois anos e acompanhando a evolu\u00e7\u00e3o do ensino em Portugal, o Externato Frei Bernardo de Brito, passou definitivamente a integrar a rede nacional do ensino p\u00fablico, sendo, neste momento, o seu patrono o Dr. Jos\u00e9 Casimiro Matias, em homenagem a uma das figuras mais indefect\u00edveis de Almeida.<\/p>\n\n\n\n<p>Esta situa\u00e7\u00e3o provocou um aumento consider\u00e1vel no n\u00famero de alunos, tornando as condi\u00e7\u00f5es f\u00edsicas e materiais mais escassas, n\u00e3o correspondendo \u00e0s exig\u00eancias do ensino actual. Em Setembro de 1998, estas dificuldades foram colmatadas com a transfer\u00eancia da Escola para novas instala\u00e7\u00f5es situadas no lugar da Raposeira.<\/p>\n\n\n\n<p>\u00c9 importante referir que a nossa escola, al\u00e9m de ser frequentada por alunos das diferentes freguesias do Concelho de Almeida, ainda abre as suas portas a alguns alunos do Concelho de Figueira de Castelo Rodrigo, mais concretamente \u00e0s freguesias de Reigada, Cinco Vilas e Vermiosa. O motivo que justifica este facto \u00e9 a estreita afinidade com o Concelho de Almeida, que remonta dos tempos do Externato Frei Bernardo de Brito<\/p>\n","protected":false},"excerpt":{"rendered":"<p>Nos distantes anos cinquenta era quase imposs\u00edvel a educa\u00e7\u00e3o e instru\u00e7\u00e3o da juventude para al\u00e9m da Escola Prim\u00e1ria: o Liceu ficava longe e os meios de comunica\u00e7\u00e3o eram ex\u00edguos. Tendo por objectivo mitigar este problema come\u00e7ou a surgir em todo<\/p>\n","protected":false},"author":2,"featured_media":0,"parent":0,"menu_order":0,"comment_status":"closed","ping_status":"closed","template":"","meta":{"footnotes":""},"_links":{"self":[{"href":"https:\/\/agrupamentodealmeida.net\/prtl\/index.php?rest_route=\/wp\/v2\/pages\/41"}],"collection":[{"href":"https:\/\/agrupamentodealmeida.net\/prtl\/index.php?rest_route=\/wp\/v2\/pages"}],"about":[{"href":"https:\/\/agrupamentodealmeida.net\/prtl\/index.php?rest_route=\/wp\/v2\/types\/page"}],"author":[{"embeddable":true,"href":"https:\/\/agrupamentodealmeida.net\/prtl\/index.php?rest_route=\/wp\/v2\/users\/2"}],"replies":[{"embeddable":true,"href":"https:\/\/agrupamentodealmeida.net\/prtl\/index.php?rest_route=%2Fwp%2Fv2%2Fcomments&post=41"}],"version-history":[{"count":0,"href":"https:\/\/agrupamentodealmeida.net\/prtl\/index.php?rest_route=\/wp\/v2\/pages\/41\/revisions"}],"wp:attachment":[{"href":"https:\/\/agrupamentodealmeida.net\/prtl\/index.php?rest_route=%2Fwp%2Fv2%2Fmedia&parent=41"}],"curies":[{"name":"wp","href":"https:\/\/api.w.org\/{rel}","templated":true}]}}