{"id":296,"date":"2022-06-08T14:58:46","date_gmt":"2022-06-08T13:58:46","guid":{"rendered":"https:\/\/agrupamentodealmeida.net\/prtl\/?page_id=296"},"modified":"2022-09-13T22:51:55","modified_gmt":"2022-09-13T21:51:55","slug":"oficina-de-historia","status":"publish","type":"page","link":"https:\/\/agrupamentodealmeida.net\/prtl\/?page_id=296","title":{"rendered":"Oficina de Hist\u00f3ria e Arqueologia"},"content":{"rendered":"\n<p>A Oficina da Hist\u00f3ria e Arqueologia (OHA) \u00e9 um projeto em curso no Agrupamento de Escolas de Almeida (AEA) desde o ano letivo 2003. Este \u00e9 um projeto de enriquecimento e complemento curricular, cuja natureza \u00e9 l\u00fadica, cultural, cient\u00edfica e de liga\u00e7\u00e3o escola meio; como tal a frequ\u00eancia das suas atividades pelos alunos \u00e9 de car\u00e1ter facultativo (mediante inscri\u00e7\u00e3o anual) e para al\u00e9m do tempo letivo.<\/p>\n\n\n\n<p>Na nossa matriz est\u00e1 o prop\u00f3sito de contribuir para o alargamento das refer\u00eancias hist\u00f3rico-culturais dos alunos, numa perspetiva de forma\u00e7\u00e3o humanista, fundamental para a sedimenta\u00e7\u00e3o da consci\u00eancia da cidadania, numa sociedade democr\u00e1tica.<\/p>\n\n\n\n<p>Prop\u00f5e-se a OHA:<\/p>\n\n\n\n<ul><li>\u201cOlhar\u201do Patrim\u00f3nio Cultural, Hist\u00f3rico e Arqueol\u00f3gico;<\/li><li>Desenvolver o gosto pela investiga\u00e7\u00e3o e estudo do passado;<\/li><li>Despertar para a ideia da identidade cultural da regi\u00e3o raiana;<\/li><li>Desenvolver a criatividade, a capacidade de observa\u00e7\u00e3o e esp\u00edrito cr\u00edtico.<\/li><\/ul>\n","protected":false},"excerpt":{"rendered":"<p>A Oficina da Hist\u00f3ria e Arqueologia (OHA) \u00e9 um projeto em curso no Agrupamento de Escolas de Almeida (AEA) desde o ano letivo 2003. Este \u00e9 um projeto de enriquecimento e complemento curricular, cuja natureza \u00e9 l\u00fadica, cultural, cient\u00edfica e<\/p>\n","protected":false},"author":2,"featured_media":0,"parent":0,"menu_order":0,"comment_status":"closed","ping_status":"closed","template":"","meta":{"footnotes":""},"_links":{"self":[{"href":"https:\/\/agrupamentodealmeida.net\/prtl\/index.php?rest_route=\/wp\/v2\/pages\/296"}],"collection":[{"href":"https:\/\/agrupamentodealmeida.net\/prtl\/index.php?rest_route=\/wp\/v2\/pages"}],"about":[{"href":"https:\/\/agrupamentodealmeida.net\/prtl\/index.php?rest_route=\/wp\/v2\/types\/page"}],"author":[{"embeddable":true,"href":"https:\/\/agrupamentodealmeida.net\/prtl\/index.php?rest_route=\/wp\/v2\/users\/2"}],"replies":[{"embeddable":true,"href":"https:\/\/agrupamentodealmeida.net\/prtl\/index.php?rest_route=%2Fwp%2Fv2%2Fcomments&post=296"}],"version-history":[{"count":3,"href":"https:\/\/agrupamentodealmeida.net\/prtl\/index.php?rest_route=\/wp\/v2\/pages\/296\/revisions"}],"predecessor-version":[{"id":528,"href":"https:\/\/agrupamentodealmeida.net\/prtl\/index.php?rest_route=\/wp\/v2\/pages\/296\/revisions\/528"}],"wp:attachment":[{"href":"https:\/\/agrupamentodealmeida.net\/prtl\/index.php?rest_route=%2Fwp%2Fv2%2Fmedia&parent=296"}],"curies":[{"name":"wp","href":"https:\/\/api.w.org\/{rel}","templated":true}]}}