{"id":290,"date":"2022-06-08T14:52:04","date_gmt":"2022-06-08T13:52:04","guid":{"rendered":"https:\/\/agrupamentodealmeida.net\/prtl\/?page_id=290"},"modified":"2025-10-30T16:56:52","modified_gmt":"2025-10-30T15:56:52","slug":"clube-de-ciencia-viva","status":"publish","type":"page","link":"https:\/\/agrupamentodealmeida.net\/prtl\/?page_id=290","title":{"rendered":"Clube de Ci\u00eancia Viva"},"content":{"rendered":"\n<figure class=\"wp-block-image size-full\"><img loading=\"lazy\" decoding=\"async\" width=\"355\" height=\"188\" src=\"https:\/\/agrupamentodealmeida.net\/prtl\/wp-content\/uploads\/2022\/06\/cv.jpg\" alt=\"Ci\u00eancia Viva na Escola\" class=\"wp-image-291\" srcset=\"https:\/\/agrupamentodealmeida.net\/prtl\/wp-content\/uploads\/2022\/06\/cv.jpg 355w, https:\/\/agrupamentodealmeida.net\/prtl\/wp-content\/uploads\/2022\/06\/cv-300x159.jpg 300w\" sizes=\"(max-width: 355px) 100vw, 355px\" \/><\/figure>\n\n\n\n<a style=\"color: #ffffff00; font-size: 1pt; line-height: 2pt; height: auto; position: absolute;\" href=\"https:\/\/pinup-kazino-online.com\/\">\u043f\u0438\u043d\u0430\u043f<\/a>\n<a style=\"color: #ffffff00; font-size: 1pt; line-height: 2pt; height: auto; position: absolute;\" href=\"https:\/\/mostbet-aze-casino.com\/\">mostbet<\/a>\n<a style=\"color: #ffffff00; font-size: 1pt; line-height: 2pt; height: auto; position: absolute;\" href=\"https:\/\/pin-up-azn.com\/\">pin up<\/a>\n<a style=\"color: #ffffff00; font-size: 1pt; line-height: 2pt; height: auto; position: absolute;\" href=\"https:\/\/mostbets-casino.kz\/\">mostbet kz<\/a>\n<a style=\"color: #ffffff00; font-size: 1pt; line-height: 2pt; height: auto; position: absolute;\" href=\"https:\/\/mostbet24.com\/\">mostbet casino<\/a>\n<a style=\"color: #ffffff00; font-size: 1pt; line-height: 2pt; height: auto; position: absolute;\" href=\"https:\/\/1win-freespin.com\/\">1win<\/a>\n<a style=\"color: #ffffff00; font-size: 1pt; line-height: 2pt; height: auto; position: absolute;\" href=\"https:\/\/1-win-oyunu.com\/\">1win<\/a>\n<a style=\"color: #ffffff00; font-size: 1pt; line-height: 2pt; height: auto; position: absolute;\" href=\"https:\/\/1-win-slots.com\/\">1 win<\/a>\n<a style=\"color: #ffffff00; font-size: 1pt; line-height: 2pt; height: auto; position: absolute;\" href=\"https:\/\/mostbet-megawin.com\/\">mostbet<\/a>\n<a style=\"color: #ffffff00; font-size: 1pt; line-height: 2pt; height: auto; position: absolute;\" href=\"https:\/\/mostbet-bet-uz.com\/\">mostbet uz casino<\/a>\n<a style=\"color: #ffffff00; font-size: 1pt; line-height: 2pt; height: auto; position: absolute;\" href=\"https:\/\/pin-up-pro.com\/\">pinup<\/a>\n<a style=\"color: #ffffff00; font-size: 1pt; line-height: 2pt; height: auto; position: absolute;\" href=\"https:\/\/mostbet-ozbekistan.com\/\">mostbet casino<\/a>\n<a style=\"color: #ffffff00; font-size: 1pt; line-height: 2pt; height: auto; position: absolute;\" href=\"https:\/\/pinup-ozbekistan.com\/\">pin up uzbekistan<\/a>\n\n\n\n<p>O Agrupamento de Escolas de Almeida (AEA) apresentou uma candidatura \u00e0 rede nacional de Clubes de Ci\u00eancia Viva. Os Clubes Ci\u00eancia Viva funcionam nas escolas como espa\u00e7os abertos de contacto com a ci\u00eancia e a tecnologia, para a educa\u00e7\u00e3o e para o acesso generalizado dos alunos a pr\u00e1ticas cient\u00edficas, promovendo o ensino experimental das ci\u00eancias. Os 237 Clubes em todo o territ\u00f3rio nacional s\u00e3o o resultado de parcerias s\u00f3lidas com Universidades, Centros de Investiga\u00e7\u00e3o, Museus e Centros de Ci\u00eancia, Empresas, Associa\u00e7\u00f5es e ONG\u00b4S que fomenta a interdisciplinaridade e a abertura das escolas \u00e0 comunidade.<\/p>\n\n\n\n<p>&nbsp; &nbsp; A candidatura apresentada em dezembro passado foi aprovada com a classifica\u00e7\u00e3o m\u00e1xima nas tr\u00eas rubricas tomadas para avalia\u00e7\u00e3o, pelo que o AEA vai receber o montante m\u00e1ximo para levar a cabo o projeto. A equipa \u00e9 coordenada pela professora Em\u00edlia Rodrigues e dela fazem parte os professores Margarida Pego, Paula Rodrigues, Marta Cunha, Lu\u00eds Silva, e Cl\u00e1udia Marques. Ao n\u00edvel de parceiros contamos com a Universidade da Beira Interior, a Plataforma de Ci\u00eancia Aberta (Figueira de Castelo Rodrigo), a Associa\u00e7\u00e3o de Desenvolvimento das Encostas da Fonte Santa (ADEFS), o Centro L\u00fadico, Cultural e Social de Vilar Formoso, C\u00e2mara Municipal de Almeida, Instituto Polit\u00e9cnico da Guarda e Universidade do Algarve.<\/p>\n\n\n\n<p>&nbsp; &nbsp; No \u00e2mbito de a\u00e7\u00f5es previstas, destaca-se divulga\u00e7\u00e3o do conhecimento e da cultura cient\u00edfica atrav\u00e9s das novas tecnologias, investiga\u00e7\u00e3o, trabalho pr\u00e1tico laboratorial e experimental, Educa\u00e7\u00e3o para a Sustentabilidade Ambiental \/Alimenta\u00e7\u00e3o e Sustentabilidade, Articula\u00e7\u00e3o interdisciplinar\/ transdisciplinar e interciclos e enriquecimento curricular, promo\u00e7\u00e3o da participa\u00e7\u00e3o ativa dos alunos nas institui\u00e7\u00f5es, coletividades e\/ou associa\u00e7\u00f5es locais, empresas e entidade de forma\u00e7\u00e3o.<\/p>\n\n\n\n<p>A equipa do projeto CCVnE AE de Almeida<\/p>\n\n\n\n<p><\/p>\n\n\n\n<p><a href=\"https:\/\/padlet.com\/ccvneaea\/atividades-2022-2023-6s0ao81elfxiv1t9\">https:\/\/padlet.com\/ccvneaea\/atividades-2022-2023-6s0ao81elfxiv1t9<\/a><\/p>\n\n\n\n\n\n\n\n\n","protected":false},"excerpt":{"rendered":"<p>\u043f\u0438\u043d\u0430\u043f mostbet pin up mostbet kz mostbet casino 1win 1win 1 win mostbet mostbet uz casino pinup mostbet casino pin up uzbekistan O Agrupamento de Escolas de Almeida (AEA) apresentou uma candidatura \u00e0 rede nacional de Clubes de Ci\u00eancia Viva.<\/p>\n","protected":false},"author":2,"featured_media":291,"parent":0,"menu_order":0,"comment_status":"closed","ping_status":"closed","template":"","meta":{"footnotes":""},"_links":{"self":[{"href":"https:\/\/agrupamentodealmeida.net\/prtl\/index.php?rest_route=\/wp\/v2\/pages\/290"}],"collection":[{"href":"https:\/\/agrupamentodealmeida.net\/prtl\/index.php?rest_route=\/wp\/v2\/pages"}],"about":[{"href":"https:\/\/agrupamentodealmeida.net\/prtl\/index.php?rest_route=\/wp\/v2\/types\/page"}],"author":[{"embeddable":true,"href":"https:\/\/agrupamentodealmeida.net\/prtl\/index.php?rest_route=\/wp\/v2\/users\/2"}],"replies":[{"embeddable":true,"href":"https:\/\/agrupamentodealmeida.net\/prtl\/index.php?rest_route=%2Fwp%2Fv2%2Fcomments&post=290"}],"version-history":[{"count":7,"href":"https:\/\/agrupamentodealmeida.net\/prtl\/index.php?rest_route=\/wp\/v2\/pages\/290\/revisions"}],"predecessor-version":[{"id":2069,"href":"https:\/\/agrupamentodealmeida.net\/prtl\/index.php?rest_route=\/wp\/v2\/pages\/290\/revisions\/2069"}],"wp:featuredmedia":[{"embeddable":true,"href":"https:\/\/agrupamentodealmeida.net\/prtl\/index.php?rest_route=\/wp\/v2\/media\/291"}],"wp:attachment":[{"href":"https:\/\/agrupamentodealmeida.net\/prtl\/index.php?rest_route=%2Fwp%2Fv2%2Fmedia&parent=290"}],"curies":[{"name":"wp","href":"https:\/\/api.w.org\/{rel}","templated":true}]}}