{"id":181,"date":"2022-05-31T09:31:03","date_gmt":"2022-05-31T09:31:03","guid":{"rendered":"http:\/\/localhost\/wordpress\/?page_id=181"},"modified":"2025-10-30T15:10:40","modified_gmt":"2025-10-30T14:10:40","slug":"protocolos-e-parceiros","status":"publish","type":"page","link":"https:\/\/agrupamentodealmeida.net\/prtl\/?page_id=181","title":{"rendered":"Parceiros"},"content":{"rendered":"\n<p>Parcerias celebradas com o Agrupamento de Escolas de Almeida:<\/p>\n\n\n\n<figure class=\"wp-block-table is-style-regular\"><table><tbody><tr><td>Associa\u00e7\u00e3o de Desenvolvimento das Encostas da Fonte Santa<\/td><\/tr><tr><td>Universidade da Beira Interior<\/td><\/tr><tr><td>Instituto Polit\u00e9cnico da Guarda<\/td><\/tr><tr><td>C\u00e2mara Municipal de Almeida<\/td><\/tr><tr><td>Centro L\u00fadico Cultural e Social de Vilar Formoso<\/td><\/tr><tr><td>&nbsp;Juntas de Freguesia do Concelho de Almeida<\/td><\/tr><tr><td>&nbsp;Centro de Sa\u00fade de Almeida<\/td><\/tr><tr><td>&nbsp;Bombeiros Volunt\u00e1rios de Almeida<\/td><\/tr><tr><td>&nbsp;Comiss\u00e3o de Prote\u00e7\u00e3o de Crian\u00e7as e Jovens do Concelho de Almeida<\/td><\/tr><tr><td>&nbsp;Guarda Nacional Republicana<\/td><\/tr><tr><td>Santa Casa da Miseric\u00f3rdia de Almeida<\/td><\/tr><tr><td>Plataforma de Ci\u00eancia Aberta<\/td><\/tr><tr><td>CLDS 5G de Almeida<\/td><\/tr><tr><td>Associa\u00e7\u00e3o S\u00f3cio Terap\u00eautica de Almeida( ASTA)<\/td><\/tr><tr><td>Conservat\u00f3rio de S\u00e3o Jos\u00e9 &#8211; Guarda<\/td><\/tr><\/tbody><\/table><\/figure>\n","protected":false},"excerpt":{"rendered":"<p>Parcerias celebradas com o Agrupamento de Escolas de Almeida: Associa\u00e7\u00e3o de Desenvolvimento das Encostas da Fonte Santa Universidade da Beira Interior Instituto Polit\u00e9cnico da Guarda C\u00e2mara Municipal de Almeida Centro L\u00fadico Cultural e Social de Vilar Formoso &nbsp;Juntas de Freguesia<\/p>\n","protected":false},"author":2,"featured_media":0,"parent":0,"menu_order":0,"comment_status":"closed","ping_status":"closed","template":"","meta":{"footnotes":""},"_links":{"self":[{"href":"https:\/\/agrupamentodealmeida.net\/prtl\/index.php?rest_route=\/wp\/v2\/pages\/181"}],"collection":[{"href":"https:\/\/agrupamentodealmeida.net\/prtl\/index.php?rest_route=\/wp\/v2\/pages"}],"about":[{"href":"https:\/\/agrupamentodealmeida.net\/prtl\/index.php?rest_route=\/wp\/v2\/types\/page"}],"author":[{"embeddable":true,"href":"https:\/\/agrupamentodealmeida.net\/prtl\/index.php?rest_route=\/wp\/v2\/users\/2"}],"replies":[{"embeddable":true,"href":"https:\/\/agrupamentodealmeida.net\/prtl\/index.php?rest_route=%2Fwp%2Fv2%2Fcomments&post=181"}],"version-history":[{"count":4,"href":"https:\/\/agrupamentodealmeida.net\/prtl\/index.php?rest_route=\/wp\/v2\/pages\/181\/revisions"}],"predecessor-version":[{"id":2037,"href":"https:\/\/agrupamentodealmeida.net\/prtl\/index.php?rest_route=\/wp\/v2\/pages\/181\/revisions\/2037"}],"wp:attachment":[{"href":"https:\/\/agrupamentodealmeida.net\/prtl\/index.php?rest_route=%2Fwp%2Fv2%2Fmedia&parent=181"}],"curies":[{"name":"wp","href":"https:\/\/api.w.org\/{rel}","templated":true}]}}