{"id":105,"date":"2022-05-25T11:17:56","date_gmt":"2022-05-25T11:17:56","guid":{"rendered":"http:\/\/localhost\/wordpress\/?page_id=105"},"modified":"2024-11-21T12:25:45","modified_gmt":"2024-11-21T11:25:45","slug":"direcao","status":"publish","type":"page","link":"https:\/\/agrupamentodealmeida.net\/prtl\/?page_id=105","title":{"rendered":"Dire\u00e7\u00e3o"},"content":{"rendered":"\n<p>O diretor \u00e9 o \u00f3rg\u00e3o de administra\u00e7\u00e3o e gest\u00e3o do agrupamento de escolas ou escola n\u00e3o agrupada nas \u00e1reas pedag\u00f3gica, cultural, administrativa, financeira e patrimonial.<\/p>\n\n\n\n<p>Subdiretor e adjuntos do diretor<\/p>\n\n\n\n<p>O diretor \u00e9 coadjuvado no exerc\u00edcio das suas fun\u00e7\u00f5es por um subdiretor e por um a tr\u00eas adjuntos.<\/p>\n\n\n\n<p>(artigo 18\u00ba, 19\u00ba, ponto1, do Decreto-Lei n\u00ba 137\/2012, de 2 de Julho)<\/p>\n\n\n\n<p><\/p>\n\n\n\n<h2 class=\"wp-block-heading\" id=\"diretor-do-agrupamento\">Diretor&nbsp;do Agrupamento<a href=\"https:\/\/aealmeida.sharepoint.com\/sites\/Pedaggico\/SitePages\/Our-teams.aspx#diretor-do-agrupamento\"><\/a><\/h2>\n\n\n\n<figure class=\"wp-block-image size-full\"><img decoding=\"async\" src=\"http:\/\/localhost\/wordpress\/wp-content\/uploads\/2022\/05\/image-12.png\" alt=\"\" class=\"wp-image-106\"\/><\/figure>\n\n\n\n<p>Eug\u00e9nia Pinto<\/p>\n\n\n\n<h3 class=\"wp-block-heading\">Subdiretor&nbsp;do Agrupamento<a href=\"https:\/\/aealmeida.sharepoint.com\/sites\/Pedaggico\/SitePages\/Our-teams.aspx#diretor-do-agrupamento\"><\/a><\/h3>\n\n\n\n<figure class=\"wp-block-image size-full\"><img decoding=\"async\" src=\"http:\/\/localhost\/wordpress\/wp-content\/uploads\/2022\/05\/image-13.png\" alt=\"\" class=\"wp-image-107\"\/><\/figure>\n\n\n\n<p>Margarida Pego<\/p>\n\n\n\n<p><\/p>\n\n\n\n<h3 class=\"wp-block-heading\">Adjuntos\u00a0do Agrupamento<a href=\"https:\/\/aealmeida.sharepoint.com\/sites\/Pedaggico\/SitePages\/Our-teams.aspx#diretor-do-agrupamento\"><\/a><\/h3>\n\n\n\n<figure class=\"wp-block-image size-full\"><img decoding=\"async\" src=\"http:\/\/localhost\/wordpress\/wp-content\/uploads\/2022\/05\/image-14.png\" alt=\"\" class=\"wp-image-108\"\/><\/figure>\n\n\n\n<p>Armindo Pereira<\/p>\n\n\n\n<p>Ant\u00f3nio Silva<\/p>\n","protected":false},"excerpt":{"rendered":"<p>O diretor \u00e9 o \u00f3rg\u00e3o de administra\u00e7\u00e3o e gest\u00e3o do agrupamento de escolas ou escola n\u00e3o agrupada nas \u00e1reas pedag\u00f3gica, cultural, administrativa, financeira e patrimonial. Subdiretor e adjuntos do diretor O diretor \u00e9 coadjuvado no exerc\u00edcio das suas fun\u00e7\u00f5es por<\/p>\n","protected":false},"author":2,"featured_media":0,"parent":0,"menu_order":0,"comment_status":"closed","ping_status":"closed","template":"","meta":{"footnotes":""},"_links":{"self":[{"href":"https:\/\/agrupamentodealmeida.net\/prtl\/index.php?rest_route=\/wp\/v2\/pages\/105"}],"collection":[{"href":"https:\/\/agrupamentodealmeida.net\/prtl\/index.php?rest_route=\/wp\/v2\/pages"}],"about":[{"href":"https:\/\/agrupamentodealmeida.net\/prtl\/index.php?rest_route=\/wp\/v2\/types\/page"}],"author":[{"embeddable":true,"href":"https:\/\/agrupamentodealmeida.net\/prtl\/index.php?rest_route=\/wp\/v2\/users\/2"}],"replies":[{"embeddable":true,"href":"https:\/\/agrupamentodealmeida.net\/prtl\/index.php?rest_route=%2Fwp%2Fv2%2Fcomments&post=105"}],"version-history":[{"count":2,"href":"https:\/\/agrupamentodealmeida.net\/prtl\/index.php?rest_route=\/wp\/v2\/pages\/105\/revisions"}],"predecessor-version":[{"id":1798,"href":"https:\/\/agrupamentodealmeida.net\/prtl\/index.php?rest_route=\/wp\/v2\/pages\/105\/revisions\/1798"}],"wp:attachment":[{"href":"https:\/\/agrupamentodealmeida.net\/prtl\/index.php?rest_route=%2Fwp%2Fv2%2Fmedia&parent=105"}],"curies":[{"name":"wp","href":"https:\/\/api.w.org\/{rel}","templated":true}]}}